{"id":12161,"date":"2023-01-31T18:56:53","date_gmt":"2023-01-31T17:56:53","guid":{"rendered":"https:\/\/taxi-pio-zadar.eu\/przenosic\/"},"modified":"2023-04-12T09:16:06","modified_gmt":"2023-04-12T07:16:06","slug":"przenosic","status":"publish","type":"page","link":"https:\/\/taxi-pio-zadar.eu\/pl\/przenosic\/","title":{"rendered":"Przenosi\u0107"},"content":{"rendered":"","protected":false},"excerpt":{"rendered":"","protected":false},"author":1,"featured_media":0,"parent":0,"menu_order":0,"comment_status":"closed","ping_status":"closed","template":"","meta":{"_seopress_robots_primary_cat":"","_seopress_titles_title":"%%sitetitle%% %%sep%% %%post_title%%","_seopress_titles_desc":"Taxi Pio Zadar je\u017adzi na terenie Republiki Chorwacji w ramach swoich transfer\u00f3w taks\u00f3wkowych. Aby zarezerwowa\u0107 transfer taks\u00f3wk\u0105 online, wype\u0142nij formularz online. ","_seopress_robots_index":"","_et_pb_use_builder":"on","_et_pb_old_content":"","_et_gb_content_width":"","footnotes":""},"class_list":["post-12161","page","type-page","status-publish","hentry"],"_links":{"self":[{"href":"https:\/\/taxi-pio-zadar.eu\/pl\/wp-json\/wp\/v2\/pages\/12161","targetHints":{"allow":["GET"]}}],"collection":[{"href":"https:\/\/taxi-pio-zadar.eu\/pl\/wp-json\/wp\/v2\/pages"}],"about":[{"href":"https:\/\/taxi-pio-zadar.eu\/pl\/wp-json\/wp\/v2\/types\/page"}],"author":[{"embeddable":true,"href":"https:\/\/taxi-pio-zadar.eu\/pl\/wp-json\/wp\/v2\/users\/1"}],"replies":[{"embeddable":true,"href":"https:\/\/taxi-pio-zadar.eu\/pl\/wp-json\/wp\/v2\/comments?post=12161"}],"version-history":[{"count":0,"href":"https:\/\/taxi-pio-zadar.eu\/pl\/wp-json\/wp\/v2\/pages\/12161\/revisions"}],"wp:attachment":[{"href":"https:\/\/taxi-pio-zadar.eu\/pl\/wp-json\/wp\/v2\/media?parent=12161"}],"curies":[{"name":"wp","href":"https:\/\/api.w.org\/{rel}","templated":true}]}}