{"id":11781,"date":"2022-11-11T15:34:36","date_gmt":"2022-11-11T14:34:36","guid":{"rendered":"https:\/\/taxi-pio-zadar.eu\/nacionalni-park-krka\/"},"modified":"2023-04-12T08:45:58","modified_gmt":"2023-04-12T06:45:58","slug":"nacionalni-park-krka","status":"publish","type":"page","link":"https:\/\/taxi-pio-zadar.eu\/pl\/nacionalni-park-krka\/","title":{"rendered":"Krka National Park"},"content":{"rendered":"<p>[et_pb_section admin_label=&#8221;section&#8221;]<br \/>\n\t\t\t[et_pb_row admin_label=&#8221;row&#8221;]<br \/>\n\t\t\t\t[et_pb_column type=&#8221;4_4&#8243;][et_pb_text admin_label=&#8221;Text&#8221;][\/et_pb_text][\/et_pb_column]<br \/>\n\t\t\t[\/et_pb_row]<br \/>\n\t\t[\/et_pb_section]<\/p>\n","protected":false},"excerpt":{"rendered":"","protected":false},"author":1,"featured_media":0,"parent":0,"menu_order":0,"comment_status":"closed","ping_status":"closed","template":"","meta":{"_seopress_robots_primary_cat":"","_seopress_titles_title":"%%sitetitle%% %%sep%% %%post_title%%","_seopress_titles_desc":"Taxi Pio Zadar je\u017adzi r\u00f3wnie\u017c do miejsca docelowego parki narodowe Krka w ramach swoich transfer\u00f3w taks\u00f3wkowych. Aby zarezerwowa\u0107 transfer taks\u00f3wk\u0105 online, wype\u0142nij formularz online. ","_seopress_robots_index":"","_et_pb_use_builder":"on","_et_pb_old_content":"","_et_gb_content_width":"","footnotes":""},"class_list":["post-11781","page","type-page","status-publish","hentry"],"_links":{"self":[{"href":"https:\/\/taxi-pio-zadar.eu\/pl\/wp-json\/wp\/v2\/pages\/11781","targetHints":{"allow":["GET"]}}],"collection":[{"href":"https:\/\/taxi-pio-zadar.eu\/pl\/wp-json\/wp\/v2\/pages"}],"about":[{"href":"https:\/\/taxi-pio-zadar.eu\/pl\/wp-json\/wp\/v2\/types\/page"}],"author":[{"embeddable":true,"href":"https:\/\/taxi-pio-zadar.eu\/pl\/wp-json\/wp\/v2\/users\/1"}],"replies":[{"embeddable":true,"href":"https:\/\/taxi-pio-zadar.eu\/pl\/wp-json\/wp\/v2\/comments?post=11781"}],"version-history":[{"count":0,"href":"https:\/\/taxi-pio-zadar.eu\/pl\/wp-json\/wp\/v2\/pages\/11781\/revisions"}],"wp:attachment":[{"href":"https:\/\/taxi-pio-zadar.eu\/pl\/wp-json\/wp\/v2\/media?parent=11781"}],"curies":[{"name":"wp","href":"https:\/\/api.w.org\/{rel}","templated":true}]}}