{"id":11644,"date":"2022-11-08T13:50:40","date_gmt":"2022-11-08T12:50:40","guid":{"rendered":"https:\/\/taxi-pio-zadar.eu\/novosti\/"},"modified":"2023-04-12T08:25:40","modified_gmt":"2023-04-12T06:25:40","slug":"novosti","status":"publish","type":"page","link":"https:\/\/taxi-pio-zadar.eu\/pl\/novosti\/","title":{"rendered":"Aktualno\u015bci"},"content":{"rendered":"<p>[et_pb_section admin_label=&#8221;section&#8221;]<br \/>\n\t\t\t[et_pb_row admin_label=&#8221;row&#8221;]<br \/>\n\t\t\t\t[et_pb_column type=&#8221;4_4&#8243;][et_pb_text admin_label=&#8221;Text&#8221;][\/et_pb_text][\/et_pb_column]<br \/>\n\t\t\t[\/et_pb_row]<br \/>\n\t\t[\/et_pb_section]<\/p>\n","protected":false},"excerpt":{"rendered":"","protected":false},"author":1,"featured_media":0,"parent":0,"menu_order":0,"comment_status":"closed","ping_status":"closed","template":"","meta":{"_seopress_robots_primary_cat":"","_seopress_titles_title":"%%sitetitle%% %%sep%% %%post_title%%","_seopress_titles_desc":"Tutaj mo\u017cesz przeczyta\u0107 r\u00f3\u017cne informacje zwi\u0105zane z rezerwacj\u0105 transfer\u00f3w taks\u00f3wkowych i transfer\u00f3w taks\u00f3wkowych do miejsc docelowych wykonywanych przez Taxi Pio.\r\n\r\n","_seopress_robots_index":"","_et_pb_use_builder":"on","_et_pb_old_content":"","_et_gb_content_width":"","footnotes":""},"class_list":["post-11644","page","type-page","status-publish","hentry"],"_links":{"self":[{"href":"https:\/\/taxi-pio-zadar.eu\/pl\/wp-json\/wp\/v2\/pages\/11644","targetHints":{"allow":["GET"]}}],"collection":[{"href":"https:\/\/taxi-pio-zadar.eu\/pl\/wp-json\/wp\/v2\/pages"}],"about":[{"href":"https:\/\/taxi-pio-zadar.eu\/pl\/wp-json\/wp\/v2\/types\/page"}],"author":[{"embeddable":true,"href":"https:\/\/taxi-pio-zadar.eu\/pl\/wp-json\/wp\/v2\/users\/1"}],"replies":[{"embeddable":true,"href":"https:\/\/taxi-pio-zadar.eu\/pl\/wp-json\/wp\/v2\/comments?post=11644"}],"version-history":[{"count":0,"href":"https:\/\/taxi-pio-zadar.eu\/pl\/wp-json\/wp\/v2\/pages\/11644\/revisions"}],"wp:attachment":[{"href":"https:\/\/taxi-pio-zadar.eu\/pl\/wp-json\/wp\/v2\/media?parent=11644"}],"curies":[{"name":"wp","href":"https:\/\/api.w.org\/{rel}","templated":true}]}}