{"id":11601,"date":"2022-11-07T12:50:22","date_gmt":"2022-11-07T11:50:22","guid":{"rendered":"https:\/\/taxi-pio-zadar.eu\/polityka-prywatnosci\/"},"modified":"2023-04-12T09:27:44","modified_gmt":"2023-04-12T07:27:44","slug":"polityka-prywatnosci","status":"publish","type":"page","link":"https:\/\/taxi-pio-zadar.eu\/pl\/polityka-prywatnosci\/","title":{"rendered":"Polityka prywatno\u015bci"},"content":{"rendered":"<p>[et_pb_section fb_built=&#8221;1&#8243; _builder_version=&#8221;4.16&#8243; global_colors_info=&#8221;{}&#8221;][et_pb_row _builder_version=&#8221;4.16&#8243; background_size=&#8221;initial&#8221; background_position=&#8221;top_left&#8221; background_repeat=&#8221;repeat&#8221; global_colors_info=&#8221;{}&#8221;][et_pb_column type=&#8221;4_4&#8243; _builder_version=&#8221;4.16&#8243; custom_padding=&#8221;|||&#8221; global_colors_info=&#8221;{}&#8221; custom_padding__hover=&#8221;|||&#8221;][et_pb_text _builder_version=&#8221;4.16&#8243; background_size=&#8221;initial&#8221; background_position=&#8221;top_left&#8221; background_repeat=&#8221;repeat&#8221; global_colors_info=&#8221;{}&#8221;]<!-- divi:heading --><\/p>\n<h2>Tko smo mi<\/h2>\n<p><!-- \/divi:heading --><\/p>\n<p><!-- divi:paragraph --><\/p>\n<p><strong class=\"privacy-policy-tutorial\">Predlo\u017eeni tekst:<\/strong>Adresa na\u0161e web-stranice je: https:\/\/taxi-pio-zadar.eu.<\/p>\n<p><!-- \/divi:paragraph --><\/p>\n<p><!-- divi:heading --><\/p>\n<h2>Uwagi<\/h2>\n<p><!-- \/divi:heading --><\/p>\n<p><!-- divi:paragraph --><\/p>\n<p><strong class=\"privacy-policy-tutorial\">Predlo\u017eeni tekst:<\/strong>Kada posjetitelji napi\u0161u komentar na web-stranici mi prikupljamo podatke prikazane u formi komentara, i tako\u0111er Adres IP posjetitelja kao i string korisni\u010dkog agenta preglednika kako lak\u0161e wykryty spam.<\/p>\n<p><!-- \/divi:paragraph --><\/p>\n<p><!-- divi:paragraph --><\/p>\n<p>Zanonimizowany ci\u0105g znak\u00f3w utworzony z Twojego adresu e-mail (zwany tak\u017ce hashem) mo\u017ce zosta\u0107 przes\u0142any do us\u0142ugi Gravatar w celu sprawdzenia, czy z niej korzystasz. Polityka prywatno\u015bci us\u0142ugi Gravatar jest dost\u0119pna tutaj: https:\/\/automattic.com\/privacy\/. Po zatwierdzeniu komentarza Twoje zdj\u0119cie profilowe jest widoczne publicznie w kontek\u015bcie Twojego komentarza.<\/p>\n<p><!-- \/divi:paragraph --><\/p>\n<p><!-- divi:heading --><\/p>\n<h2>G\u0142oska bezd\u017awi\u0119czna<\/h2>\n<p><!-- \/divi:heading --><\/p>\n<p><!-- divi:paragraph --><\/p>\n<p><strong class=\"privacy-policy-tutorial\">Predlo\u017eeni tekst:<\/strong>Ako prenesete sliku na web-stranicu, trebali biste izbjegavati prijenos slika koje imaju ugra\u0111ene podatke o lokaciji (EXIF GPS). Odwiedzaj\u0105cy witryn\u0119 mog\u0105 je wskaza\u0107 i wyodr\u0119bni\u0107 dowolne dane dotycz\u0105ce lokalizacji z obraz\u00f3w w witrynie.<\/p>\n<p><!-- \/divi:paragraph --><\/p>\n<p><!-- divi:heading --><\/p>\n<h2>ciasteczka<\/h2>\n<p><!-- \/divi:heading --><\/p>\n<p><!-- divi:paragraph --><\/p>\n<p><strong class=\"privacy-policy-tutorial\">Sugerowany tekst:<\/strong> Je\u015bli napiszesz komentarz na naszej stronie, mo\u017cesz zapisa\u0107 swoje imi\u0119 i nazwisko, adres e-mail oraz stron\u0119 internetow\u0105 w plikach cookie. U\u0142atwia to komentowanie, dzi\u0119ki czemu nie trzeba dok\u0142adnie wprowadza\u0107 tych informacji. Te pliki cookie s\u0105 przechowywane przez rok.<\/p>\n<p><!-- \/divi:paragraph --><\/p>\n<p><!-- divi:paragraph --><\/p>\n<p>Je\u015bli odwiedzisz nasz\u0105 stron\u0119 logowania, utworzymy tymczasowy plik cookie, aby ustali\u0107, czy Twoja przegl\u0105darka akceptuje pliki cookie. Ten plik cookie nie zawiera danych osobowych i jest usuwany po zamkni\u0119ciu przegl\u0105darki.<\/p>\n<p><!-- \/divi:paragraph --><\/p>\n<p><!-- divi:paragraph --><\/p>\n<p>Kiedy si\u0119 zalogujesz, ustawimy kilka plik\u00f3w cookie, aby zapisa\u0107 twoje dane logowania i preferencje wy\u015bwietlania. Pliki cookie logowania trwaj\u0105 dwa dni, a pliki cookie ustawie\u0144 wy\u015bwietlania trwaj\u0105 jeden rok. Je\u015bli wybierzesz opcj\u0119 \u201eZapami\u0119taj mnie\u201d, Tw\u00f3j login b\u0119dzie wa\u017cny przez dwa tygodnie. Je\u015bli wylogujesz si\u0119 ze swojego konta, ciasteczka logowania zostan\u0105 usuni\u0119te.<\/p>\n<p><!-- \/divi:paragraph --><\/p>\n<p><!-- divi:paragraph --><\/p>\n<p>Je\u015bli edytujesz lub publikujesz artyku\u0142, w Twojej przegl\u0105darce zostanie zapisane dodatkowe ciasteczko. Ten plik cookie nie zawiera danych osobowych i wskazuje jedynie identyfikator publikacji w\u0142a\u015bnie edytowanego artyku\u0142u. Plik cookie wygasa po jednym dniu.<\/p>\n<p><!-- \/divi:paragraph --><\/p>\n<p><!-- divi:heading --><\/p>\n<h2>Osadzone tre\u015bci z innych stron internetowych<\/h2>\n<p><!-- \/divi:heading --><\/p>\n<p><!-- divi:paragraph --><\/p>\n<p><strong class=\"privacy-policy-tutorial\">Sugerowany tekst:<\/strong> Artyku\u0142y na tej stronie mog\u0105 zawiera\u0107 osadzone tre\u015bci (np. wideo, obrazy, artyku\u0142y itp.). Osadzone tre\u015bci z innych stron internetowych zachowuj\u0105 si\u0119 tak samo, jakby odwiedzaj\u0105cy odwiedzi\u0142 t\u0119 inn\u0105 stron\u0119 internetow\u0105.<\/p>\n<p><!-- \/divi:paragraph --><\/p>\n<p><!-- divi:paragraph --><\/p>\n<p>Witryny te mog\u0105 gromadzi\u0107 informacje o tobie, u\u017cywa\u0107 plik\u00f3w cookie, mie\u0107 wbudowane dodatkowe \u015bledzenie stron trzecich i monitorowa\u0107 twoje interakcje z osadzonymi tre\u015bciami, w tym \u015bledzenie twoich interakcji z osadzonymi tre\u015bciami, je\u015bli masz konto i jeste\u015b zalogowany w witrynie.<\/p>\n<p><!-- \/divi:paragraph --><\/p>\n<p><!-- divi:heading --><\/p>\n<h2>Komu udost\u0119pniamy Twoje dane<\/h2>\n<p><!-- \/divi:heading --><\/p>\n<p><!-- divi:paragraph --><\/p>\n<p><strong class=\"privacy-policy-tutorial\">Sugerowany tekst:<\/strong> Je\u015bli poprosisz o zresetowanie has\u0142a, Tw\u00f3j adres IP zostanie do\u0142\u0105czony do wiadomo\u015bci e-mail dotycz\u0105cej resetowania.<\/p>\n<p><!-- \/divi:paragraph --><\/p>\n<p><!-- divi:heading --><\/p>\n<h2>Jak d\u0142ugo przechowujemy Twoje dane<\/h2>\n<p><!-- \/divi:heading --><\/p>\n<p><!-- divi:paragraph --><\/p>\n<p><strong class=\"privacy-policy-tutorial\">Sugerowany tekst:<\/strong> Je\u015bli napiszesz komentarz, komentarz i jego metadane zostan\u0105 zapisane na zawsze. Dzi\u0119ki temu mo\u017cemy automatycznie rozpoznawa\u0107 i zatwierdza\u0107 przysz\u0142e komentarze, zamiast wstrzymywa\u0107 je do zatwierdzenia.<\/p>\n<p><!-- \/divi:paragraph --><\/p>\n<p><!-- divi:paragraph --><\/p>\n<p>W przypadku u\u017cytkownik\u00f3w, kt\u00f3rzy zarejestruj\u0105 si\u0119 na naszej stronie internetowej (je\u015bli tacy s\u0105), przechowujemy r\u00f3wnie\u017c dane osobowe, kt\u00f3re podaj\u0105 w swoich profilach u\u017cytkownik\u00f3w.Wszyscy u\u017cytkownicy mog\u0105 przegl\u0105da\u0107, edytowa\u0107 lub usuwa\u0107 swoje dane osobowe w dowolnym momencie (z wyj\u0105tkiem tego, \u017ce nie mog\u0105 zmieni\u0107 nazwy u\u017cytkownika). Administratorzy serwisu r\u00f3wnie\u017c mog\u0105 przegl\u0105da\u0107 i edytowa\u0107 te informacje.<\/p>\n<p><!-- \/divi:paragraph --><\/p>\n<p><!-- divi:heading --><\/p>\n<h2>Jakie masz prawa do swoich danych<\/h2>\n<p><!-- \/divi:heading --><\/p>\n<p><!-- divi:paragraph --><\/p>\n<p><strong class=\"privacy-policy-tutorial\">Sugerowany tekst:<\/strong> Je\u015bli masz konto w tej witrynie lub masz pisemne komentarze, mo\u017cesz poprosi\u0107 o przes\u0142anie pliku eksportu danych osobowych, kt\u00f3re posiadamy na Tw\u00f3j temat, w tym wszelkich informacji, kt\u00f3re nam przekaza\u0142e\u015b. Mo\u017cesz r\u00f3wnie\u017c za\u017c\u0105da\u0107 usuni\u0119cia wszelkich danych osobowych, kt\u00f3re posiadamy na Tw\u00f3j temat. Nie obejmuje to \u017cadnych danych, kt\u00f3re musimy przechowywa\u0107 ze wzgl\u0119d\u00f3w administracyjnych, prawnych lub bezpiecze\u0144stwa.<\/p>\n<p><!-- \/divi:paragraph --><\/p>\n<p><!-- divi:heading --><\/p>\n<h2>Jak przesy\u0142ane s\u0105 Twoje dane<\/h2>\n<p><!-- \/divi:heading --><\/p>\n<p><!-- divi:paragraph --><\/p>\n<p><strong class=\"privacy-policy-tutorial\">Sugerowany tekst:<\/strong> Komentarze go\u015bci mog\u0105 by\u0107 sprawdzane przez automatyczn\u0105 us\u0142ug\u0119 wykrywania spamu.<\/p>\n<p><!-- \/divi:paragraph -->[\/et_pb_text][\/et_pb_column][\/et_pb_row][\/et_pb_section]<\/p>\n","protected":false},"excerpt":{"rendered":"<p>Tko smo mi Predlo\u017eeni tekst:Adresa na\u0161e web-stranice je: https:\/\/taxi-pio-zadar.eu. Uwagi Predlo\u017eeni tekst:Kada posjetitelji napi\u0161u komentar na web-stranici mi prikupljamo podatke prikazane u formi komentara, i tako\u0111er Adres IP posjetitelja kao i string korisni\u010dkog agenta preglednika kako lak\u0161e wykryty spam. Zanonimizowany ci\u0105g znak\u00f3w utworzony z Twojego adresu e-mail (zwany tak\u017ce hashem) mo\u017ce zosta\u0107 przes\u0142any do us\u0142ugi [&hellip;]<\/p>\n","protected":false},"author":1,"featured_media":0,"parent":0,"menu_order":0,"comment_status":"closed","ping_status":"closed","template":"","meta":{"_seopress_robots_primary_cat":"","_seopress_titles_title":"%%sitetitle%% %%sep%% %%post_title%%","_seopress_titles_desc":"Polityka prywatno\u015bci u\u017cytkownik\u00f3w serwisu: taxi-pio-zadar.eu","_seopress_robots_index":"","_et_pb_use_builder":"on","_et_pb_old_content":"","_et_gb_content_width":"","footnotes":""},"class_list":["post-11601","page","type-page","status-publish","hentry"],"_links":{"self":[{"href":"https:\/\/taxi-pio-zadar.eu\/pl\/wp-json\/wp\/v2\/pages\/11601","targetHints":{"allow":["GET"]}}],"collection":[{"href":"https:\/\/taxi-pio-zadar.eu\/pl\/wp-json\/wp\/v2\/pages"}],"about":[{"href":"https:\/\/taxi-pio-zadar.eu\/pl\/wp-json\/wp\/v2\/types\/page"}],"author":[{"embeddable":true,"href":"https:\/\/taxi-pio-zadar.eu\/pl\/wp-json\/wp\/v2\/users\/1"}],"replies":[{"embeddable":true,"href":"https:\/\/taxi-pio-zadar.eu\/pl\/wp-json\/wp\/v2\/comments?post=11601"}],"version-history":[{"count":0,"href":"https:\/\/taxi-pio-zadar.eu\/pl\/wp-json\/wp\/v2\/pages\/11601\/revisions"}],"wp:attachment":[{"href":"https:\/\/taxi-pio-zadar.eu\/pl\/wp-json\/wp\/v2\/media?parent=11601"}],"curies":[{"name":"wp","href":"https:\/\/api.w.org\/{rel}","templated":true}]}}