{"id":11564,"date":"2022-12-02T14:40:19","date_gmt":"2022-12-02T13:40:19","guid":{"rendered":"https:\/\/taxi-pio-zadar.eu\/gdpr\/"},"modified":"2023-04-12T09:39:22","modified_gmt":"2023-04-12T07:39:22","slug":"gdpr","status":"publish","type":"page","link":"https:\/\/taxi-pio-zadar.eu\/pl\/gdpr\/","title":{"rendered":"GDPR"},"content":{"rendered":"<p>[et_pb_section fb_built=&#8221;1&#8243; theme_builder_area=&#8221;post_content&#8221; _builder_version=&#8221;4.19.2&#8243; _module_preset=&#8221;default&#8221;][et_pb_row _builder_version=&#8221;4.19.2&#8243; _module_preset=&#8221;default&#8221; theme_builder_area=&#8221;post_content&#8221;][et_pb_column _builder_version=&#8221;4.19.2&#8243; _module_preset=&#8221;default&#8221; type=&#8221;4_4&#8243; theme_builder_area=&#8221;post_content&#8221;][et_pb_text _builder_version=&#8221;4.19.2&#8243; _module_preset=&#8221;default&#8221; theme_builder_area=&#8221;post_content&#8221; hover_enabled=&#8221;0&#8243; sticky_enabled=&#8221;0&#8243; custom_margin=&#8221;||50px||false|false&#8221; custom_margin_phone=&#8221;-10px||||false|false&#8221; custom_margin_last_edited=&#8221;on|phone&#8221; custom_padding_phone=&#8221;||||false|false&#8221; custom_padding_last_edited=&#8221;on|phone&#8221; header_font=&#8221;|700|||||||&#8221; custom_margin_tablet=&#8221;||50px||false|false&#8221;]<\/p>\n<div>\n<h1 style=\"text-align: left;\">GDPR \u2013 General data protection regulation<\/h1>\n<h1 style=\"text-align: left;\">Og\u00f3lne rozporz\u0105dzenie o ochronie danych<\/h1>\n<\/div>\n<p>[\/et_pb_text][et_pb_text _builder_version=&#8221;4.19.2&#8243; _module_preset=&#8221;default&#8221; theme_builder_area=&#8221;post_content&#8221; hover_enabled=&#8221;0&#8243; sticky_enabled=&#8221;0&#8243; custom_margin=&#8221;||||false|false&#8221; custom_margin_phone=&#8221;-10px||||false|false&#8221; custom_margin_last_edited=&#8221;on|phone&#8221; custom_padding_phone=&#8221;||||false|false&#8221; custom_padding_last_edited=&#8221;on|phone&#8221; custom_margin_tablet=&#8221;||||false|false&#8221;]<\/p>\n<div>\n<h4 style=\"text-align: left;\"><strong>Adres strony to:<\/strong><\/h4>\n<h4 style=\"text-align: left;\"><\/h4>\n<h4 style=\"text-align: left;\"><a href=\"https:\/\/taxi-pio-zadar.eu\/\" target=\"_blank\" rel=\"noopener\" title=\"taxi-pio-zadar.eu\">taxi-pio-zadar.eu<\/a><\/h4>\n<p>&nbsp;<\/p>\n<h3><strong>Formularze kontaktowe<strong><\/strong><\/strong><\/h3>\n<p>Je\u017celi wyrazi\u0142e\u015b zgod\u0119 na pozostawienie swoich danych w formularzach kontaktowych, wykorzystamy te dane w celu przekazania okre\u015blonych informacji. Obrasci za kontakt mogu biti namjenjeni u razli\u010dite svrhe, za \u0161to su osobe dale svoj pristanak.<\/p>\n<p>&nbsp;<\/p>\n<h3><strong>Ciasteczka \u2013 ciasteczka<\/strong><\/h3>\n<p>Te pliki cookie b\u0119d\u0105 dzia\u0142a\u0107 przez rok. Je\u015bli odwiedzisz nasz\u0105 witryn\u0119, utworzymy tymczasowe ciasteczko, aby ustali\u0107, czy Twoja przegl\u0105darka akceptuje ciasteczka. Ten plik cookie nie zawiera danych osobowych i jest odrzucany po zamkni\u0119ciu przegl\u0105darki.<\/p>\n<p>Ustawimy r\u00f3wnie\u017c kilka plik\u00f3w cookie, aby zapisa\u0107 dane logowania i wybory na ekranie. Pliki cookie logowania s\u0105 wa\u017cne przez dwa dni, a pliki cookie opcji wy\u015bwietlania przez rok. Je\u015bli wybierzesz opcj\u0119 \u201eZapami\u0119taj mnie\u201d, rejestracja potrwa dwa tygodnie.<\/p>\n<p>&nbsp;<\/p>\n<h3><strong>Twoje prawa do danych<strong><\/strong><\/strong><\/h3>\n<p>Mo\u017cesz za\u017c\u0105da\u0107, aby\u015bmy usun\u0119li wszelkie Twoje dane osobowe, kt\u00f3re posiadamy. Nie obejmuje to danych, kt\u00f3re musimy przechowywa\u0107 ze wzgl\u0119d\u00f3w administracyjnych, prawnych lub bezpiecze\u0144stwa.<\/p>\n<p>&nbsp;<\/p>\n<\/div>\n<p>[\/et_pb_text][\/et_pb_column][\/et_pb_row][\/et_pb_section]<\/p>\n","protected":false},"excerpt":{"rendered":"<p>GDPR \u2013 General data protection regulation Og\u00f3lne rozporz\u0105dzenie o ochronie danych Adres strony to: taxi-pio-zadar.eu &nbsp; Formularze kontaktowe Je\u017celi wyrazi\u0142e\u015b zgod\u0119 na pozostawienie swoich danych w formularzach kontaktowych, wykorzystamy te dane w celu przekazania okre\u015blonych informacji. Obrasci za kontakt mogu biti namjenjeni u razli\u010dite svrhe, za \u0161to su osobe dale svoj pristanak. &nbsp; Ciasteczka \u2013 [&hellip;]<\/p>\n","protected":false},"author":1,"featured_media":0,"parent":0,"menu_order":0,"comment_status":"closed","ping_status":"closed","template":"","meta":{"_seopress_robots_primary_cat":"","_seopress_titles_title":"%%sitetitle%% %%sep%% %%post_title%%","_seopress_titles_desc":"Taxi Pio Zadar - GDPR.","_seopress_robots_index":"","_et_pb_use_builder":"on","_et_pb_old_content":"","_et_gb_content_width":"","footnotes":""},"class_list":["post-11564","page","type-page","status-publish","hentry"],"_links":{"self":[{"href":"https:\/\/taxi-pio-zadar.eu\/pl\/wp-json\/wp\/v2\/pages\/11564","targetHints":{"allow":["GET"]}}],"collection":[{"href":"https:\/\/taxi-pio-zadar.eu\/pl\/wp-json\/wp\/v2\/pages"}],"about":[{"href":"https:\/\/taxi-pio-zadar.eu\/pl\/wp-json\/wp\/v2\/types\/page"}],"author":[{"embeddable":true,"href":"https:\/\/taxi-pio-zadar.eu\/pl\/wp-json\/wp\/v2\/users\/1"}],"replies":[{"embeddable":true,"href":"https:\/\/taxi-pio-zadar.eu\/pl\/wp-json\/wp\/v2\/comments?post=11564"}],"version-history":[{"count":0,"href":"https:\/\/taxi-pio-zadar.eu\/pl\/wp-json\/wp\/v2\/pages\/11564\/revisions"}],"wp:attachment":[{"href":"https:\/\/taxi-pio-zadar.eu\/pl\/wp-json\/wp\/v2\/media?parent=11564"}],"curies":[{"name":"wp","href":"https:\/\/api.w.org\/{rel}","templated":true}]}}