{"id":11535,"date":"2022-12-05T23:31:34","date_gmt":"2022-12-05T22:31:34","guid":{"rendered":"https:\/\/taxi-pio-zadar.eu\/aci-marina-skradin\/"},"modified":"2023-04-12T08:22:32","modified_gmt":"2023-04-12T06:22:32","slug":"aci-marina-skradin","status":"publish","type":"page","link":"https:\/\/taxi-pio-zadar.eu\/pl\/aci-marina-skradin\/","title":{"rendered":"ACI Marina Skradin"},"content":{"rendered":"<p>[et_pb_section fb_built=&#8221;1&#8243; theme_builder_area=&#8221;post_content&#8221; _builder_version=&#8221;4.19.2&#8243; _module_preset=&#8221;default&#8221;][\/et_pb_section]<\/p>\n","protected":false},"excerpt":{"rendered":"","protected":false},"author":1,"featured_media":0,"parent":0,"menu_order":0,"comment_status":"closed","ping_status":"closed","template":"","meta":{"_seopress_robots_primary_cat":"","_seopress_titles_title":"%%sitetitle%% %%sep%% %%post_title%%","_seopress_titles_desc":"Taxi Pio Zadar je\u017adzi r\u00f3wnie\u017c do miejsca docelowego ACI Marina Skradin w ramach swoich transfer\u00f3w taks\u00f3wkowych. Aby zarezerwowa\u0107 transfer taks\u00f3wk\u0105 online, wype\u0142nij formularz online. ","_seopress_robots_index":"","_et_pb_use_builder":"on","_et_pb_old_content":"","_et_gb_content_width":"","footnotes":""},"class_list":["post-11535","page","type-page","status-publish","hentry"],"_links":{"self":[{"href":"https:\/\/taxi-pio-zadar.eu\/pl\/wp-json\/wp\/v2\/pages\/11535","targetHints":{"allow":["GET"]}}],"collection":[{"href":"https:\/\/taxi-pio-zadar.eu\/pl\/wp-json\/wp\/v2\/pages"}],"about":[{"href":"https:\/\/taxi-pio-zadar.eu\/pl\/wp-json\/wp\/v2\/types\/page"}],"author":[{"embeddable":true,"href":"https:\/\/taxi-pio-zadar.eu\/pl\/wp-json\/wp\/v2\/users\/1"}],"replies":[{"embeddable":true,"href":"https:\/\/taxi-pio-zadar.eu\/pl\/wp-json\/wp\/v2\/comments?post=11535"}],"version-history":[{"count":0,"href":"https:\/\/taxi-pio-zadar.eu\/pl\/wp-json\/wp\/v2\/pages\/11535\/revisions"}],"wp:attachment":[{"href":"https:\/\/taxi-pio-zadar.eu\/pl\/wp-json\/wp\/v2\/media?parent=11535"}],"curies":[{"name":"wp","href":"https:\/\/api.w.org\/{rel}","templated":true}]}}