{"id":3,"date":"2022-11-07T12:50:22","date_gmt":"2022-11-07T11:50:22","guid":{"rendered":"https:\/\/taxi-pio-zadar.eu\/?page_id=3"},"modified":"2023-04-12T09:26:36","modified_gmt":"2023-04-12T07:26:36","slug":"pravila-privatnosti","status":"publish","type":"page","link":"https:\/\/taxi-pio-zadar.eu\/hr\/pravila-privatnosti\/","title":{"rendered":"Pravila privatnosti"},"content":{"rendered":"<p>[et_pb_section fb_built=&#8221;1&#8243; _builder_version=&#8221;4.16&#8243; global_colors_info=&#8221;{}&#8221;][et_pb_row _builder_version=&#8221;4.16&#8243; background_size=&#8221;initial&#8221; background_position=&#8221;top_left&#8221; background_repeat=&#8221;repeat&#8221; global_colors_info=&#8221;{}&#8221;][et_pb_column type=&#8221;4_4&#8243; _builder_version=&#8221;4.16&#8243; custom_padding=&#8221;|||&#8221; global_colors_info=&#8221;{}&#8221; custom_padding__hover=&#8221;|||&#8221;][et_pb_text _builder_version=&#8221;4.16&#8243; background_size=&#8221;initial&#8221; background_position=&#8221;top_left&#8221; background_repeat=&#8221;repeat&#8221; global_colors_info=&#8221;{}&#8221;]<!-- divi:heading --><\/p>\n<h2>Tko smo mi<\/h2>\n<p><!-- \/divi:heading --><\/p>\n<p><!-- divi:paragraph --><\/p>\n<p><strong class=\"privacy-policy-tutorial\">Predlo\u017eeni tekst: <\/strong>Adresa na\u0161e web-stranice je: https:\/\/taxi-pio-zadar.eu.<\/p>\n<p><!-- \/divi:paragraph --><\/p>\n<p><!-- divi:heading --><\/p>\n<h2>Komentari<\/h2>\n<p><!-- \/divi:heading --><\/p>\n<p><!-- divi:paragraph --><\/p>\n<p><strong class=\"privacy-policy-tutorial\">Predlo\u017eeni tekst: <\/strong>Kada posjetitelji napi\u0161u komentar na web-stranici mi prikupljamo podatke prikazane u formi komentara, i tako\u0111er IP adresu posjetitelja kao i string korisni\u010dkog agenta preglednika kako lak\u0161e detektirali spam.<\/p>\n<p><!-- \/divi:paragraph --><\/p>\n<p><!-- divi:paragraph --><\/p>\n<p>Mogu\u0107e je da je anonimiziran string kreiran iz va\u0161e adrese e-po\u0161te (koji se tako\u0111er zove hash) dostavljen Gravatar servisu kako bismo provjerili koristite li ga. Pravila privatnosti Gravatar servisa dostupna su ovdje: https:\/\/automattic.com\/privacy\/. Nakon odobrenja va\u0161eg komentara, va\u0161a profilna slika je javno vidljiva u kontekstu va\u0161eg komentara.<\/p>\n<p><!-- \/divi:paragraph --><\/p>\n<p><!-- divi:heading --><\/p>\n<h2>Medij<\/h2>\n<p><!-- \/divi:heading --><\/p>\n<p><!-- divi:paragraph --><\/p>\n<p><strong class=\"privacy-policy-tutorial\">Predlo\u017eeni tekst: <\/strong>Ako prenesete sliku na web-stranicu, trebali biste izbjegavati prijenos slika koje imaju ugra\u0111ene podatke o lokaciji (EXIF GPS). Posjetitelji web-stranice mogu ih preuzeti i izdvojiti bilo koje podatke o lokaciji iz slika s web-stranice.<\/p>\n<p><!-- \/divi:paragraph --><\/p>\n<p><!-- divi:heading --><\/p>\n<h2>Kola\u010di\u0107i<\/h2>\n<p><!-- \/divi:heading --><\/p>\n<p><!-- divi:paragraph --><\/p>\n<p><strong class=\"privacy-policy-tutorial\">Predlo\u017eeni tekst: <\/strong>Ako napi\u0161ete komentar na na\u0161oj web-stranici, mo\u017eete odabrati spremanje imena, adrese e-po\u0161te i web-stranice u kola\u010di\u0107e. To vam olak\u0161ava ponovno komentiranje, da ne morate ponovno unositi te informacije. Ovi kola\u010di\u0107i traju godinu dana.<\/p>\n<p><!-- \/divi:paragraph --><\/p>\n<p><!-- divi:paragraph --><\/p>\n<p>Ako posjetite na\u0161u stranicu za prijavu, postavit \u0107emo privremeni kola\u010di\u0107 kako bismo utvrdili prihva\u0107a li va\u0161 preglednik kola\u010di\u0107e. Ovaj kola\u010di\u0107 ne sadr\u017ei osobne podatke i bri\u0161e se kada ugasite preglednik.<\/p>\n<p><!-- \/divi:paragraph --><\/p>\n<p><!-- divi:paragraph --><\/p>\n<p>Kada se prijavite, postavit \u0107emo nekoliko kola\u010di\u0107a kako bismo sa\u010duvali va\u0161e podatke o prijavi i va\u0161e postavke zaslona. Kola\u010di\u0107i prijave traju dva dana, a kola\u010di\u0107i postavki zaslona traju godinu dana. Ako odaberete &#8220;Zapamti me&#8221;, va\u0161a prijava \u0107e trajati dva tjedna. Ako se odjavite s ra\u010duna, kola\u010di\u0107i prijave bit \u0107e uklonjeni.<\/p>\n<p><!-- \/divi:paragraph --><\/p>\n<p><!-- divi:paragraph --><\/p>\n<p>Ako uredite ili objavite \u010dlanak, dodatni kola\u010di\u0107 \u0107e biti spremljen u va\u0161em pregledniku. Ovaj kola\u010di\u0107 ne sadr\u017ei osobne podatke i samo ukazuje na ID objave \u010dlanka koji ste upravo uredili. Kola\u010di\u0107 istje\u010de nakon jednog dana.<\/p>\n<p><!-- \/divi:paragraph --><\/p>\n<p><!-- divi:heading --><\/p>\n<h2>Ugra\u0111eni sadr\u017eaj s drugih web-stranica<\/h2>\n<p><!-- \/divi:heading --><\/p>\n<p><!-- divi:paragraph --><\/p>\n<p><strong class=\"privacy-policy-tutorial\">Predlo\u017eeni tekst: <\/strong>\u010clanci na ovoj web-stranici mogu sadr\u017eavati ugra\u0111eni sadr\u017eaj (npr. video, slike, \u010dlanke, itd.). Ugra\u0111eni sadr\u017eaj sa drugih web-stranica pona\u0161a se istovjetno kao da je posjetitelj posjetio tu drugu web-stranicu.<\/p>\n<p><!-- \/divi:paragraph --><\/p>\n<p><!-- divi:paragraph --><\/p>\n<p>Ove web-stranice mo\u017eda prikupljaju podatke o vama, koriste kola\u010di\u0107e, imaju ugra\u0111eno dodatno pra\u0107enje od tre\u0107ih strana, i nadgledaju va\u0161u interakciju s tim ugra\u0111enim sadr\u017eajem, uklju\u010duju\u0107i pra\u0107enje va\u0161e interakcije s ugra\u0111enim sadr\u017eajem ako imate ra\u010dun i prijavljeni ste na web-stranici.<\/p>\n<p><!-- \/divi:paragraph --><\/p>\n<p><!-- divi:heading --><\/p>\n<h2>S kime dijelimo va\u0161e podatke<\/h2>\n<p><!-- \/divi:heading --><\/p>\n<p><!-- divi:paragraph --><\/p>\n<p><strong class=\"privacy-policy-tutorial\">Predlo\u017eeni tekst: <\/strong>Ako zatra\u017eite ponovno postavljanje lozinke, va\u0161a IP adresa bit \u0107e uklju\u010dena u poruku e-po\u0161te za ponovno postavljanje.<\/p>\n<p><!-- \/divi:paragraph --><\/p>\n<p><!-- divi:heading --><\/p>\n<h2>Koliko dugo \u010duvamo va\u0161e podatke<\/h2>\n<p><!-- \/divi:heading --><\/p>\n<p><!-- divi:paragraph --><\/p>\n<p><strong class=\"privacy-policy-tutorial\">Predlo\u017eeni tekst: <\/strong>Ako napi\u0161ete komentar, komentar i njegovi meta podaci su sa\u010duvani zauvijek. To je zato da mo\u017eemo automatski prepoznati i odobriti budu\u0107e komentare, umjesto da ih dr\u017eimo na \u010dekanju za odobrenje.<\/p>\n<p><!-- \/divi:paragraph --><\/p>\n<p><!-- divi:paragraph --><\/p>\n<p>Za korisnike koji se registriraju na na\u0161oj web-stranici (ako ih ima), mi tako\u0111er pohranjujemo osobne podatke koje navedu u njihovim korisni\u010dkim profilima, Svi korisnici mogu vidjeti, urediti, ili obrisati svoje osobne podatke u bilo koje vrijeme ( osim \u0161to ne mogu promijeniti svoje korisni\u010dko ime). Administratori web-stranice tako\u0111er mogu vidjeti i urediti te informacije.<\/p>\n<p><!-- \/divi:paragraph --><\/p>\n<p><!-- divi:heading --><\/p>\n<h2>Koja prava imate nad svojim podacima<\/h2>\n<p><!-- \/divi:heading --><\/p>\n<p><!-- divi:paragraph --><\/p>\n<p><strong class=\"privacy-policy-tutorial\">Predlo\u017eeni tekst: <\/strong>Ako imate ra\u010dun na ovoj web-stranici, ili ste pisali komentare, mo\u017eete zatra\u017eiti primanje izvozne datoteke osobnih podataka koje imamo o vama, uklju\u010duju\u0107i sve podatke koje ste nam dostavili. Tako\u0111er mo\u017eete zatra\u017eiti brisanje svih osobnih podataka koje imamo o vama. Ovo ne uklju\u010duje bilo koje podatke koje smo obavezni dr\u017eati za administrativne, pravne ili sigurnosne namjene.<\/p>\n<p><!-- \/divi:paragraph --><\/p>\n<p><!-- divi:heading --><\/p>\n<h2>Kamo se \u0161alju va\u0161i podaci<\/h2>\n<p><!-- \/divi:heading --><\/p>\n<p><!-- divi:paragraph --><\/p>\n<p><strong class=\"privacy-policy-tutorial\">Predlo\u017eeni tekst: <\/strong>Komentari posjetitelja mogu se provjeriti putem automatske usluge za otkrivanje ne\u017eeljene po\u0161te.<\/p>\n<p><!-- \/divi:paragraph -->[\/et_pb_text][\/et_pb_column][\/et_pb_row][\/et_pb_section]<\/p>\n","protected":false},"excerpt":{"rendered":"<p>Tko smo mi Predlo\u017eeni tekst: Adresa na\u0161e web-stranice je: https:\/\/taxi-pio-zadar.eu. Komentari Predlo\u017eeni tekst: Kada posjetitelji napi\u0161u komentar na web-stranici mi prikupljamo podatke prikazane u formi komentara, i tako\u0111er IP adresu posjetitelja kao i string korisni\u010dkog agenta preglednika kako lak\u0161e detektirali spam. Mogu\u0107e je da je anonimiziran string kreiran iz va\u0161e adrese e-po\u0161te (koji se tako\u0111er [&hellip;]<\/p>\n","protected":false},"author":1,"featured_media":0,"parent":0,"menu_order":0,"comment_status":"closed","ping_status":"closed","template":"","meta":{"_seopress_robots_primary_cat":"","_seopress_titles_title":"%%sitetitle%% %%sep%% %%post_title%%","_seopress_titles_desc":"Pravila privatnosti za korisnike web stranice: taxi-pio-zadar.eu","_seopress_robots_index":"","_et_pb_use_builder":"on","_et_pb_old_content":"<!-- wp:heading -->\n<h2>Tko smo mi<\/h2>\n<!-- \/wp:heading -->\n\n<!-- wp:paragraph -->\n<p><strong class=\"privacy-policy-tutorial\">Predlo\u017eeni tekst: <\/strong>Adresa na\u0161e web-stranice je: https:\/\/taxi-pio-zadar.eu.<\/p>\n<!-- \/wp:paragraph -->\n\n<!-- wp:heading -->\n<h2>Komentari<\/h2>\n<!-- \/wp:heading -->\n\n<!-- wp:paragraph -->\n<p><strong class=\"privacy-policy-tutorial\">Predlo\u017eeni tekst: <\/strong>Kada posjetitelji napi\u0161u komentar na web-stranici mi prikupljamo podatke prikazane u formi komentara, i tako\u0111er IP adresu posjetitelja kao i string korisni\u010dkog agenta preglednika kako lak\u0161e detektirali spam.<\/p>\n<!-- \/wp:paragraph -->\n\n<!-- wp:paragraph -->\n<p>Mogu\u0107e je da je anonimiziran string kreiran iz va\u0161e adrese e-po\u0161te (koji se tako\u0111er zove hash) dostavljen Gravatar servisu kako bismo provjerili koristite li ga. Pravila privatnosti Gravatar servisa dostupna su ovdje: https:\/\/automattic.com\/privacy\/. Nakon odobrenja va\u0161eg komentara, va\u0161a profilna slika je javno vidljiva u kontekstu va\u0161eg komentara.<\/p>\n<!-- \/wp:paragraph -->\n\n<!-- wp:heading -->\n<h2>Medij<\/h2>\n<!-- \/wp:heading -->\n\n<!-- wp:paragraph -->\n<p><strong class=\"privacy-policy-tutorial\">Predlo\u017eeni tekst: <\/strong>Ako prenesete sliku na web-stranicu, trebali biste izbjegavati prijenos slika koje imaju ugra\u0111ene podatke o lokaciji (EXIF GPS). Posjetitelji web-stranice mogu ih preuzeti i izdvojiti bilo koje podatke o lokaciji iz slika s web-stranice.<\/p>\n<!-- \/wp:paragraph -->\n\n<!-- wp:heading -->\n<h2>Kola\u010di\u0107i<\/h2>\n<!-- \/wp:heading -->\n\n<!-- wp:paragraph -->\n<p><strong class=\"privacy-policy-tutorial\">Predlo\u017eeni tekst: <\/strong>Ako napi\u0161ete komentar na na\u0161oj web-stranici, mo\u017eete odabrati spremanje imena, adrese e-po\u0161te i web-stranice u kola\u010di\u0107e. To vam olak\u0161ava ponovno komentiranje, da ne morate ponovno unositi te informacije. Ovi kola\u010di\u0107i traju godinu dana.<\/p>\n<!-- \/wp:paragraph -->\n\n<!-- wp:paragraph -->\n<p>Ako posjetite na\u0161u stranicu za prijavu, postavit \u0107emo privremeni kola\u010di\u0107 kako bismo utvrdili prihva\u0107a li va\u0161 preglednik kola\u010di\u0107e. Ovaj kola\u010di\u0107 ne sadr\u017ei osobne podatke i bri\u0161e se kada ugasite preglednik.<\/p>\n<!-- \/wp:paragraph -->\n\n<!-- wp:paragraph -->\n<p>Kada se prijavite, postavit \u0107emo nekoliko kola\u010di\u0107a kako bismo sa\u010duvali va\u0161e podatke o prijavi i va\u0161e postavke zaslona. Kola\u010di\u0107i prijave traju dva dana, a kola\u010di\u0107i postavki zaslona traju godinu dana. Ako odaberete \"Zapamti me\", va\u0161a prijava \u0107e trajati dva tjedna. Ako se odjavite s ra\u010duna, kola\u010di\u0107i prijave bit \u0107e uklonjeni.<\/p>\n<!-- \/wp:paragraph -->\n\n<!-- wp:paragraph -->\n<p>Ako uredite ili objavite \u010dlanak, dodatni kola\u010di\u0107 \u0107e biti spremljen u va\u0161em pregledniku. Ovaj kola\u010di\u0107 ne sadr\u017ei osobne podatke i samo ukazuje na ID objave \u010dlanka koji ste upravo uredili. Kola\u010di\u0107 istje\u010de nakon jednog dana.<\/p>\n<!-- \/wp:paragraph -->\n\n<!-- wp:heading -->\n<h2>Ugra\u0111eni sadr\u017eaj s drugih web-stranica<\/h2>\n<!-- \/wp:heading -->\n\n<!-- wp:paragraph -->\n<p><strong class=\"privacy-policy-tutorial\">Predlo\u017eeni tekst: <\/strong>\u010clanci na ovoj web-stranici mogu sadr\u017eavati ugra\u0111eni sadr\u017eaj (npr. video, slike, \u010dlanke, itd.). Ugra\u0111eni sadr\u017eaj sa drugih web-stranica pona\u0161a se istovjetno kao da je posjetitelj posjetio tu drugu web-stranicu.<\/p>\n<!-- \/wp:paragraph -->\n\n<!-- wp:paragraph -->\n<p>Ove web-stranice mo\u017eda prikupljaju podatke o vama, koriste kola\u010di\u0107e, imaju ugra\u0111eno dodatno pra\u0107enje od tre\u0107ih strana, i nadgledaju va\u0161u interakciju s tim ugra\u0111enim sadr\u017eajem, uklju\u010duju\u0107i pra\u0107enje va\u0161e interakcije s ugra\u0111enim sadr\u017eajem ako imate ra\u010dun i prijavljeni ste na web-stranici.<\/p>\n<!-- \/wp:paragraph -->\n\n<!-- wp:heading -->\n<h2>S kime dijelimo va\u0161e podatke<\/h2>\n<!-- \/wp:heading -->\n\n<!-- wp:paragraph -->\n<p><strong class=\"privacy-policy-tutorial\">Predlo\u017eeni tekst: <\/strong>Ako zatra\u017eite ponovno postavljanje lozinke, va\u0161a IP adresa bit \u0107e uklju\u010dena u poruku e-po\u0161te za ponovno postavljanje.<\/p>\n<!-- \/wp:paragraph -->\n\n<!-- wp:heading -->\n<h2>Koliko dugo \u010duvamo va\u0161e podatke<\/h2>\n<!-- \/wp:heading -->\n\n<!-- wp:paragraph -->\n<p><strong class=\"privacy-policy-tutorial\">Predlo\u017eeni tekst: <\/strong>Ako napi\u0161ete komentar, komentar i njegovi meta podaci su sa\u010duvani zauvijek. To je zato da mo\u017eemo automatski prepoznati i odobriti budu\u0107e komentare, umjesto da ih dr\u017eimo na \u010dekanju za odobrenje.<\/p>\n<!-- \/wp:paragraph -->\n\n<!-- wp:paragraph -->\n<p>Za korisnike koji se registriraju na na\u0161oj web-stranici (ako ih ima), mi tako\u0111er pohranjujemo osobne podatke koje navedu u njihovim korisni\u010dkim profilima, Svi korisnici mogu vidjeti, urediti, ili obrisati svoje osobne podatke u bilo koje vrijeme ( osim \u0161to ne mogu promijeniti svoje korisni\u010dko ime). Administratori web-stranice tako\u0111er mogu vidjeti i urediti te informacije.<\/p>\n<!-- \/wp:paragraph -->\n\n<!-- wp:heading -->\n<h2>Koja prava imate nad svojim podacima<\/h2>\n<!-- \/wp:heading -->\n\n<!-- wp:paragraph -->\n<p><strong class=\"privacy-policy-tutorial\">Predlo\u017eeni tekst: <\/strong>Ako imate ra\u010dun na ovoj web-stranici, ili ste pisali komentare, mo\u017eete zatra\u017eiti primanje izvozne datoteke osobnih podataka koje imamo o vama, uklju\u010duju\u0107i sve podatke koje ste nam dostavili. Tako\u0111er mo\u017eete zatra\u017eiti brisanje svih osobnih podataka koje imamo o vama. Ovo ne uklju\u010duje bilo koje podatke koje smo obavezni dr\u017eati za administrativne, pravne ili sigurnosne namjene.<\/p>\n<!-- \/wp:paragraph -->\n\n<!-- wp:heading -->\n<h2>Kamo se \u0161alju va\u0161i podaci<\/h2>\n<!-- \/wp:heading -->\n\n<!-- wp:paragraph -->\n<p><strong class=\"privacy-policy-tutorial\">Predlo\u017eeni tekst: <\/strong>Komentari posjetitelja mogu se provjeriti putem automatske usluge za otkrivanje ne\u017eeljene po\u0161te.<\/p>\n<!-- \/wp:paragraph -->","_et_gb_content_width":"","footnotes":""},"class_list":["post-3","page","type-page","status-publish","hentry"],"_links":{"self":[{"href":"https:\/\/taxi-pio-zadar.eu\/hr\/wp-json\/wp\/v2\/pages\/3","targetHints":{"allow":["GET"]}}],"collection":[{"href":"https:\/\/taxi-pio-zadar.eu\/hr\/wp-json\/wp\/v2\/pages"}],"about":[{"href":"https:\/\/taxi-pio-zadar.eu\/hr\/wp-json\/wp\/v2\/types\/page"}],"author":[{"embeddable":true,"href":"https:\/\/taxi-pio-zadar.eu\/hr\/wp-json\/wp\/v2\/users\/1"}],"replies":[{"embeddable":true,"href":"https:\/\/taxi-pio-zadar.eu\/hr\/wp-json\/wp\/v2\/comments?post=3"}],"version-history":[{"count":0,"href":"https:\/\/taxi-pio-zadar.eu\/hr\/wp-json\/wp\/v2\/pages\/3\/revisions"}],"wp:attachment":[{"href":"https:\/\/taxi-pio-zadar.eu\/hr\/wp-json\/wp\/v2\/media?parent=3"}],"curies":[{"name":"wp","href":"https:\/\/api.w.org\/{rel}","templated":true}]}}