{"id":2,"date":"2022-11-07T12:50:22","date_gmt":"2022-11-07T11:50:22","guid":{"rendered":"https:\/\/taxi-pio-zadar.eu\/?page_id=2"},"modified":"2024-11-14T18:03:09","modified_gmt":"2024-11-14T17:03:09","slug":"rezervacija","status":"publish","type":"page","link":"https:\/\/taxi-pio-zadar.eu\/hr\/","title":{"rendered":"Rezervacija"},"content":{"rendered":"<p>[et_pb_section fb_built=&#8221;1&#8243; fullwidth=&#8221;on&#8221; _builder_version=&#8221;4.19.0&#8243; _module_preset=&#8221;default&#8221; global_colors_info=&#8221;{}&#8221;][et_pb_fullwidth_header title=&#8221;PRIJEVOZ PO HRVATSKOJ&#8221; _builder_version=&#8221;4.19.0&#8243; _module_preset=&#8221;default&#8221; title_font=&#8221;Nunito|700||on|||||&#8221; title_text_align=&#8221;center&#8221; background_color=&#8221;#FFFFFF&#8221; background_image=&#8221;https:\/\/taxi-pio-zadar.eu\/wp-content\/uploads\/2022\/11\/Header.jpg&#8221; height=&#8221;800px&#8221; height_tablet=&#8221;700px&#8221; height_phone=&#8221;500px&#8221; height_last_edited=&#8221;on|desktop&#8221; hover_enabled=&#8221;0&#8243; custom_css_title=&#8221;padding-top:300px;&#8221; global_colors_info=&#8221;{}&#8221; custom_css_title_last_edited=&#8221;on|desktop&#8221; custom_css_title_tablet=&#8221;padding-top:300px;&#8221; custom_css_title_phone=&#8221;padding-top:150px;&#8221; title_font_size=&#8221;50px&#8221; title_letter_spacing=&#8221;2px&#8221; title_text_shadow_style=&#8221;preset3&#8243; sticky_enabled=&#8221;0&#8243; title_font_size_last_edited=&#8221;on|phone&#8221; title_font_size_tablet=&#8221;40px&#8221; title_font_size_phone=&#8221;30px&#8221;][\/et_pb_fullwidth_header][\/et_pb_section]<\/p>\n","protected":false},"excerpt":{"rendered":"","protected":false},"author":1,"featured_media":0,"parent":0,"menu_order":0,"comment_status":"closed","ping_status":"closed","template":"","meta":{"_seopress_robots_primary_cat":"","_seopress_titles_title":"Taxi Zadar - Taxi Pio Zadar | Taxi transfer Zadar - Croatia","_seopress_titles_desc":"Taxi Zadar - Taxi Pio Zadar, u sklopu svojih taxi transfera vozi unutar Republike Hrvatske. Za on-line rezervaciju taxi transfera popunite on-line obrazac.","_seopress_robots_index":"","_et_pb_use_builder":"on","_et_pb_old_content":"<!-- wp:paragraph -->\n<p>Ovo je primjer stranice. Razlikuje se od blog objave jer se stalno nalazi na istom mjestu i prikazati \u0107e se u izborniku va\u0161e web-stranice (u ve\u0107ini tema). Ve\u0107ina ljudi zapo\u010dinje s \"O meni\" stranicom koja ih predstavlja potencijalnim posjetiteljima web stranice. Na primjer mo\u017ee sadr\u017eavati:<\/p>\n<!-- \/wp:paragraph -->\n\n<!-- wp:quote -->\n<blockquote class=\"wp-block-quote\"><!-- wp:paragraph -->\n<p>Pozdrav! Ja sam dostavlja\u010d paketa tijekom dana, nadahnuti glumac tijekom no\u0107i i ovo je moja web-stranica. \u017divim u Vara\u017edinu, imam predobrog psa koji se zove Floki i volim pi\u00f1a colada. (I da me ponekad ulovi ki\u0161a bez ki\u0161obrana.)<\/p>\n<!-- \/wp:paragraph --><\/blockquote>\n<!-- \/wp:quote -->\n\n<!-- wp:paragraph -->\n<p>...ili ne\u0161to poput ovoga:<\/p>\n<!-- \/wp:paragraph -->\n\n<!-- wp:quote -->\n<blockquote class=\"wp-block-quote\"><!-- wp:paragraph -->\n<p>Tvrtka XYZ Doohickey osnovana je 1971. godine i od tada pru\u017ea kvalitetne doohickejeve javnosti. Smje\u0161ten u gradu Gotham, XYZ zapo\u0161ljava vi\u0161e od 2.000 ljudi i \u010dini sve vrste fenomenalnih stvari za Gotham zajednicu.<\/p>\n<!-- \/wp:paragraph --><\/blockquote>\n<!-- \/wp:quote -->\n\n<!-- wp:paragraph -->\n<p>Kao novi WordPress korisnik, trebali biste posjetiti <a href=\"https:\/\/taxi-pio-zadar.eu\/wp-admin\/\">nadzornu plo\u010du<\/a> kako biste obrisali ovu stranicu i kreirali nove stranice za svoj sadr\u017eaj. U\u017eivajte!<\/p>\n<!-- \/wp:paragraph -->","_et_gb_content_width":"1080","footnotes":""},"class_list":["post-2","page","type-page","status-publish","hentry"],"_links":{"self":[{"href":"https:\/\/taxi-pio-zadar.eu\/hr\/wp-json\/wp\/v2\/pages\/2","targetHints":{"allow":["GET"]}}],"collection":[{"href":"https:\/\/taxi-pio-zadar.eu\/hr\/wp-json\/wp\/v2\/pages"}],"about":[{"href":"https:\/\/taxi-pio-zadar.eu\/hr\/wp-json\/wp\/v2\/types\/page"}],"author":[{"embeddable":true,"href":"https:\/\/taxi-pio-zadar.eu\/hr\/wp-json\/wp\/v2\/users\/1"}],"replies":[{"embeddable":true,"href":"https:\/\/taxi-pio-zadar.eu\/hr\/wp-json\/wp\/v2\/comments?post=2"}],"version-history":[{"count":0,"href":"https:\/\/taxi-pio-zadar.eu\/hr\/wp-json\/wp\/v2\/pages\/2\/revisions"}],"wp:attachment":[{"href":"https:\/\/taxi-pio-zadar.eu\/hr\/wp-json\/wp\/v2\/media?parent=2"}],"curies":[{"name":"wp","href":"https:\/\/api.w.org\/{rel}","templated":true}]}}