{"id":10769,"date":"2022-12-02T14:40:19","date_gmt":"2022-12-02T13:40:19","guid":{"rendered":"https:\/\/taxi-pio-zadar.eu\/?page_id=10769"},"modified":"2023-04-11T17:21:49","modified_gmt":"2023-04-11T15:21:49","slug":"gdpr","status":"publish","type":"page","link":"https:\/\/taxi-pio-zadar.eu\/hr\/gdpr\/","title":{"rendered":"GDPR"},"content":{"rendered":"<p>[et_pb_section fb_built=&#8221;1&#8243; theme_builder_area=&#8221;post_content&#8221; _builder_version=&#8221;4.19.2&#8243; _module_preset=&#8221;default&#8221;][et_pb_row _builder_version=&#8221;4.19.2&#8243; _module_preset=&#8221;default&#8221; theme_builder_area=&#8221;post_content&#8221;][et_pb_column _builder_version=&#8221;4.19.2&#8243; _module_preset=&#8221;default&#8221; type=&#8221;4_4&#8243; theme_builder_area=&#8221;post_content&#8221;][et_pb_text _builder_version=&#8221;4.19.2&#8243; _module_preset=&#8221;default&#8221; theme_builder_area=&#8221;post_content&#8221; hover_enabled=&#8221;0&#8243; sticky_enabled=&#8221;0&#8243; custom_margin=&#8221;||50px||false|false&#8221; custom_margin_phone=&#8221;-10px||||false|false&#8221; custom_margin_last_edited=&#8221;on|phone&#8221; custom_padding_phone=&#8221;||||false|false&#8221; custom_padding_last_edited=&#8221;on|phone&#8221; header_font=&#8221;|700|||||||&#8221; custom_margin_tablet=&#8221;||50px||false|false&#8221;]<\/p>\n<div>\n<h1 style=\"text-align: left;\">GDPR \u2013 General data protection regulation<\/h1>\n<h1 style=\"text-align: left;\">Op\u0107a uredba o za\u0161titi podataka<\/h1>\n<\/div>\n<p>[\/et_pb_text][et_pb_text _builder_version=&#8221;4.19.2&#8243; _module_preset=&#8221;default&#8221; theme_builder_area=&#8221;post_content&#8221; hover_enabled=&#8221;0&#8243; sticky_enabled=&#8221;0&#8243; custom_margin=&#8221;||||false|false&#8221; custom_margin_phone=&#8221;-10px||||false|false&#8221; custom_margin_last_edited=&#8221;on|phone&#8221; custom_padding_phone=&#8221;||||false|false&#8221; custom_padding_last_edited=&#8221;on|phone&#8221; custom_margin_tablet=&#8221;||||false|false&#8221;]<\/p>\n<div>\n<h4 style=\"text-align: left;\"><strong>Adresa web stranice je:<\/strong><\/h4>\n<h4 style=\"text-align: left;\"><\/h4>\n<h4 style=\"text-align: left;\"><a href=\"https:\/\/taxi-pio-zadar.eu\/\" target=\"_blank\" rel=\"noopener\" title=\"taxi-pio-zadar.eu\">taxi-pio-zadar.eu<\/a><\/h4>\n<p>&nbsp;<\/p>\n<h3><strong>Obrasci za kontakt<strong><\/strong><\/strong><\/h3>\n<p>Ako ste ostavili sa privolom svoje podatke u kontakt obrazcima, te podatke \u0107emo koristiti u svrhu dostave odre\u0111enih informacija. Obrasci za kontakt mogu biti namjenjeni u razli\u010dite svrhe, za \u0161to su osobe dale svoj pristanak.<\/p>\n<p>&nbsp;<\/p>\n<h3><strong>Kola\u010di\u0107i &#8211; cokies<\/strong><\/h3>\n<p>Ovi kola\u010di\u0107i trajat \u0107e godinu dana. Ako posjetite na\u0161u stranicu, postavit \u0107emo privremeni kola\u010di\u0107 kako bismo utvrdili prihva\u0107a li va\u0161 preglednik kola\u010di\u0107e. Ovaj kola\u010di\u0107 ne sadr\u017ei osobne podatke i odbacuje se kada zatvorite preglednik.<\/p>\n<p>Tako\u0111er \u0107emo postaviti nekoliko kola\u010di\u0107a za spremanje podataka o prijavi i izbora zaslona. Kola\u010di\u0107i za prijavu traju dva dana, a kola\u010di\u0107i opcija zaslona traju godinu dana. Ako odaberete \u201cUpamti me\u201d, prijava \u0107e trajati dva tjedna.<\/p>\n<p>&nbsp;<\/p>\n<h3><strong>Va\u0161a prava nad podacima<strong><\/strong><\/strong><\/h3>\n<p>Mo\u017eete zatra\u017eiti da izbri\u0161emo sve osobne podatke koje imamo o vama. To ne uklju\u010duje podatke koje smo du\u017eni \u010duvati u administrativne, pravne ili sigurnosne svrhe.<\/p>\n<p>&nbsp;<\/p>\n<\/div>\n<p>[\/et_pb_text][\/et_pb_column][\/et_pb_row][\/et_pb_section]<\/p>\n","protected":false},"excerpt":{"rendered":"<p>GDPR \u2013 General data protection regulation Op\u0107a uredba o za\u0161titi podataka Adresa web stranice je: taxi-pio-zadar.eu &nbsp; Obrasci za kontakt Ako ste ostavili sa privolom svoje podatke u kontakt obrazcima, te podatke \u0107emo koristiti u svrhu dostave odre\u0111enih informacija. Obrasci za kontakt mogu biti namjenjeni u razli\u010dite svrhe, za \u0161to su osobe dale svoj pristanak. [&hellip;]<\/p>\n","protected":false},"author":1,"featured_media":0,"parent":0,"menu_order":0,"comment_status":"closed","ping_status":"closed","template":"","meta":{"_seopress_robots_primary_cat":"","_seopress_titles_title":"%%sitetitle%% %%sep%% %%post_title%%","_seopress_titles_desc":"Taxi Pio Zadar - GDPR.","_seopress_robots_index":"","_et_pb_use_builder":"on","_et_pb_old_content":"","_et_gb_content_width":"","footnotes":""},"class_list":["post-10769","page","type-page","status-publish","hentry"],"_links":{"self":[{"href":"https:\/\/taxi-pio-zadar.eu\/hr\/wp-json\/wp\/v2\/pages\/10769","targetHints":{"allow":["GET"]}}],"collection":[{"href":"https:\/\/taxi-pio-zadar.eu\/hr\/wp-json\/wp\/v2\/pages"}],"about":[{"href":"https:\/\/taxi-pio-zadar.eu\/hr\/wp-json\/wp\/v2\/types\/page"}],"author":[{"embeddable":true,"href":"https:\/\/taxi-pio-zadar.eu\/hr\/wp-json\/wp\/v2\/users\/1"}],"replies":[{"embeddable":true,"href":"https:\/\/taxi-pio-zadar.eu\/hr\/wp-json\/wp\/v2\/comments?post=10769"}],"version-history":[{"count":0,"href":"https:\/\/taxi-pio-zadar.eu\/hr\/wp-json\/wp\/v2\/pages\/10769\/revisions"}],"wp:attachment":[{"href":"https:\/\/taxi-pio-zadar.eu\/hr\/wp-json\/wp\/v2\/media?parent=10769"}],"curies":[{"name":"wp","href":"https:\/\/api.w.org\/{rel}","templated":true}]}}