{"id":11600,"date":"2022-11-07T12:50:22","date_gmt":"2022-11-07T11:50:22","guid":{"rendered":"https:\/\/taxi-pio-zadar.eu\/besucher-kommentare-koennen-von-einem-automatisierten-dienst-zur-spam-erkennung-untersucht-werden\/"},"modified":"2023-04-12T09:28:17","modified_gmt":"2023-04-12T07:28:17","slug":"besucher-kommentare-koennen-von-einem-automatisierten-dienst-zur-spam-erkennung-untersucht-werden","status":"publish","type":"page","link":"https:\/\/taxi-pio-zadar.eu\/de\/besucher-kommentare-koennen-von-einem-automatisierten-dienst-zur-spam-erkennung-untersucht-werden\/","title":{"rendered":"Besucher-Kommentare k\u00f6nnen von einem automatisierten Dienst zur Spam-Erkennung untersucht werden."},"content":{"rendered":"<p>[et_pb_section fb_built=&#8220;1&#8243; _builder_version=&#8220;4.16&#8243; global_colors_info=&#8220;{}&#8220;][et_pb_row _builder_version=&#8220;4.16&#8243; background_size=&#8220;initial&#8220; background_position=&#8220;top_left&#8220; background_repeat=&#8220;repeat&#8220; global_colors_info=&#8220;{}&#8220;][et_pb_column type=&#8220;4_4&#8243; _builder_version=&#8220;4.16&#8243; custom_padding=&#8220;|||&#8220; global_colors_info=&#8220;{}&#8220; custom_padding__hover=&#8220;|||&#8220;][et_pb_text _builder_version=&#8220;4.16&#8243; background_size=&#8220;initial&#8220; background_position=&#8220;top_left&#8220; background_repeat=&#8220;repeat&#8220; global_colors_info=&#8220;{}&#8220;]<!-- divi:heading --><\/p>\n<h2>Wer sind wir?<\/h2>\n<p><!-- \/divi:heading --><\/p>\n<p><!-- divi:paragraph --><\/p>\n<p><strong class=\"privacy-policy-tutorial\">Textvorschlag:<\/strong> Die Adresse unserer Website lautet: https:\/\/taxi-pio-zadar.eu.<\/p>\n<p><!-- \/divi:paragraph --><\/p>\n<p><!-- divi:heading --><\/p>\n<h2>Kommentare<\/h2>\n<p><!-- \/divi:heading --><\/p>\n<p><!-- divi:paragraph --><\/p>\n<p><strong class=\"privacy-policy-tutorial\">Textvorschlag:<\/strong> Wenn Besucher einen Kommentar auf der Webseite schreiben, erfassen wir die Daten, die in Form des Kommentars angezeigt werden, und au\u00dferdem die IP-Adresse des Besuchers sowie den User-Agent-String des Browsers, um Spam leichter zu erkennen .<\/p>\n<p><!-- \/divi:paragraph --><\/p>\n<p><!-- divi:paragraph --><\/p>\n<p>Eine aus Ihrer E-Mail-Adresse erstellte anonymisierte Zeichenfolge (auch als Hash bezeichnet) kann an den Gravatar-Dienst \u00fcbermittelt werden, um zu \u00fcberpr\u00fcfen, ob Sie sie verwenden. Die Datenschutzerkl\u00e4rung des Gravatar-Dienstes finden Sie hier: https:\/\/automattic.com\/privacy\/. Nachdem Ihr Kommentar genehmigt wurde, ist Ihr Profilbild im Kontext Ihres Kommentars \u00f6ffentlich sichtbar.<\/p>\n<p><!-- \/divi:paragraph --><\/p>\n<p><!-- divi:heading --><\/p>\n<h2>Medien<\/h2>\n<p><!-- \/divi:heading --><\/p>\n<p><!-- divi:paragraph --><\/p>\n<p><strong class=\"privacy-policy-tutorial\">Vorgeschlagener Text:<\/strong> Wenn Sie ein Bild auf eine Website hochladen, sollten Sie das Hochladen von Bildern mit eingebetteten Standortdaten (EXIF GPS) vermeiden. Website-Besucher k\u00f6nnen sie herunterladen und beliebige Standortdaten aus Bildern auf der Website extrahieren.<\/p>\n<p><!-- \/divi:paragraph --><\/p>\n<p><!-- divi:heading --><\/p>\n<h2>Kekse<\/h2>\n<p><!-- \/divi:heading --><\/p>\n<p><!-- divi:paragraph --><\/p>\n<p><strong class=\"privacy-policy-tutorial\">Textvorschlag:<\/strong> Wenn Sie einen Kommentar auf unserer Website schreiben, k\u00f6nnen Sie Ihren Namen, Ihre E-Mail-Adresse und Ihre Website in Cookies speichern. Dies erleichtert Ihnen das erneute Kommentieren, sodass Sie diese Informationen nicht erneut eingeben m\u00fcssen. Diese Cookies halten ein Jahr lang.<\/p>\n<p><!-- \/divi:paragraph --><\/p>\n<p><!-- divi:paragraph --><\/p>\n<p>Wenn Sie unsere Anmeldeseite besuchen, setzen wir ein tempor\u00e4res Cookie, um festzustellen, ob Ihr Browser Cookies akzeptiert. Dieses Cookie enth\u00e4lt keine personenbezogenen Daten und wird gel\u00f6scht, wenn Sie Ihren Browser schlie\u00dfen.<\/p>\n<p><!-- \/divi:paragraph --><\/p>\n<p><!-- divi:paragraph --><\/p>\n<p>Wenn Sie sich anmelden, setzen wir einige Cookies, um Ihre Anmeldeinformationen und Ihre Anzeigeeinstellungen zu speichern. Login-Cookies dauern zwei Tage und Anzeigeeinstellungs-Cookies dauern ein Jahr. Wenn Sie &#8222;Remember me&#8220; ausch\u00e4len, ist Ihr Login zwei Wochen lang g\u00fcltig. Wenn Sie sich von Ihrem Konto abmelden, werden die Anmelde-Cookies entfernt.<\/p>\n<p><!-- \/divi:paragraph --><\/p>\n<p><!-- divi:paragraph --><\/p>\n<p>Wenn Sie einen Artikel bearbeiten oder ver\u00f6ffentlichen, wird ein zus\u00e4tzlicher Cookie in Ihrem Browser gespeichert. Dieses Cookie enth\u00e4lt keine pers\u00f6nlichen Informationen und zeigt nur die Ver\u00f6ffentlichungs-ID des Artikels an, den Sie gerade bearbeitet haben. Das Cookie verf\u00e4llt nach einem Tag.<\/p>\n<p><!-- \/divi:paragraph --><\/p>\n<p><!-- divi:heading --><\/p>\n<h2>Eingebettete Inhalte von anderen Websites<\/h2>\n<p><!-- \/divi:heading --><\/p>\n<p><!-- divi:paragraph --><\/p>\n<p><strong class=\"privacy-policy-tutorial\">Vorgeschlagener Text:<\/strong> Artikel auf dieser Website k\u00f6nnen eingebettete Inhalte enthalten (z. B. Videos, Bilder, Artikel usw.). Eingebettete Inhalte von anderen Webseiten verhalten sich genauso, als ob der Besucher diese andere Webseite besucht h\u00e4tte.<\/p>\n<p><!-- \/divi:paragraph --><\/p>\n<p><!-- divi:paragraph --><\/p>\n<p>Diese Websites k\u00f6nnen Informationen \u00fcber Sie sammeln, Cookies verwenden, zus\u00e4tzliches Drittanbieter-Tracking eingebettet haben und Ihre Interaktion mit diesem eingebetteten Inhalt \u00fcberwachen, einschlie\u00dflich der Verfolgung Ihrer Interaktion mit dem eingebetteten Inhalt, wenn Sie ein Konto haben und auf der Website angemeldet sind.<\/p>\n<p><!-- \/divi:paragraph --><\/p>\n<p><!-- divi:heading --><\/p>\n<h2>Mit wem wir Ihre Daten teilen<\/h2>\n<p><!-- \/divi:heading --><\/p>\n<p><!-- divi:paragraph --><\/p>\n<p><strong class=\"privacy-policy-tutorial\">Vorgeschlagener Text:<\/strong> Wenn Sie ein Zur\u00fccksetzen des Passworts anfordern, wird Ihre IP-Adresse in der E-Mail-Nachricht zum Zur\u00fccksetzen enthalten sein.<\/p>\n<p><!-- \/divi:paragraph --><\/p>\n<p><!-- divi:heading --><\/p>\n<h2>Wie lange wir Ihre Daten aufbewahren<\/h2>\n<p><!-- \/divi:heading --><\/p>\n<p><!-- divi:paragraph --><\/p>\n<p><strong class=\"privacy-policy-tutorial\">Textvorschlag:<\/strong> Wenn Sie einen Kommentar schreiben, werden der Kommentar und seine Metadaten f\u00fcr immer gespeichert. Auf diese Weise k\u00f6nnen wir zuk\u00fcnftige Kommentare automatisch erkennen und genehmigen, anstatt sie bis zur Genehmigung zur\u00fcckzuhalten.<\/p>\n<p><!-- \/divi:paragraph --><\/p>\n<p><!-- divi:paragraph --><\/p>\n<p>F\u00fcr Benutzer, die sich auf unserer Website registrieren (falls vorhanden), speichern wir auch die pers\u00f6nlichen Informationen, die sie in ihren Benutzerprofilen angeben. Alle Benutzer k\u00f6nnen ihre pers\u00f6nlichen Informationen jederzeit anzeigen, bearbeiten oder l\u00f6schen (au\u00dfer dass sie Ihren Benutzernamen nicht \u00e4ndern k\u00f6nnen). Website-Administratoren k\u00f6nnen diese Informationen auch anzeigen und bearbeiten.<\/p>\n<p><!-- \/divi:paragraph --><\/p>\n<p><!-- divi:heading --><\/p>\n<h2>Welche Rechte haben Sie an Ihren Daten<\/h2>\n<p><!-- \/divi:heading --><\/p>\n<p><!-- divi:paragraph --><\/p>\n<p><strong class=\"privacy-policy-tutorial\">Vorgeschlagener Text:<\/strong> Wenn Sie ein Konto auf dieser Website haben oder Kommentare geschrieben haben, k\u00f6nnen Sie anfordern, eine Exportdatei der personenbezogenen Daten zu erhalten, die wir \u00fcber Sie haben, einschlie\u00dflich aller Informationen, die Sie uns zur Verf\u00fcgung gestellt haben. Sie k\u00f6nnen auch die L\u00f6schung aller personenbezogenen Daten verlangen, die wir \u00fcber Sie haben. Dies schlie\u00dft keine Daten ein, die wir f\u00fcr administrative, rechtliche oder Sicherheitszwecke aufbewahren m\u00fcssen.<\/p>\n<p><!-- \/divi:paragraph --><\/p>\n<p><!-- divi:heading --><\/p>\n<h2>Wie Ihre Informationen gesendet werden<\/h2>\n<p><!-- \/divi:heading --><\/p>\n<p><!-- divi:paragraph --><\/p>\n<p><strong class=\"privacy-policy-tutorial\">Vorgeschlagener Text:<\/strong> Besucherkommentare k\u00f6nnen von einem automatisierten Dienst zur Spam-Erkennung untersucht werden.<\/p>\n<p><!-- \/divi:paragraph -->[\/et_pb_text][\/et_pb_column][\/et_pb_row][\/et_pb_section]<\/p>\n","protected":false},"excerpt":{"rendered":"<p>Wer sind wir? Textvorschlag: Die Adresse unserer Website lautet: https:\/\/taxi-pio-zadar.eu. Kommentare Textvorschlag: Wenn Besucher einen Kommentar auf der Webseite schreiben, erfassen wir die Daten, die in Form des Kommentars angezeigt werden, und au\u00dferdem die IP-Adresse des Besuchers sowie den User-Agent-String des Browsers, um Spam leichter zu erkennen . Eine aus Ihrer E-Mail-Adresse erstellte anonymisierte Zeichenfolge [&hellip;]<\/p>\n","protected":false},"author":1,"featured_media":0,"parent":0,"menu_order":0,"comment_status":"closed","ping_status":"closed","template":"","meta":{"_seopress_robots_primary_cat":"","_seopress_titles_title":"%%sitetitle%% %%sep%% %%post_title%%","_seopress_titles_desc":"Datenschutzrichtlinie f\u00fcr Website-Benutzer: taxi-pio-zadar.eu","_seopress_robots_index":"","_et_pb_use_builder":"on","_et_pb_old_content":"","_et_gb_content_width":"","footnotes":""},"class_list":["post-11600","page","type-page","status-publish","hentry"],"_links":{"self":[{"href":"https:\/\/taxi-pio-zadar.eu\/de\/wp-json\/wp\/v2\/pages\/11600","targetHints":{"allow":["GET"]}}],"collection":[{"href":"https:\/\/taxi-pio-zadar.eu\/de\/wp-json\/wp\/v2\/pages"}],"about":[{"href":"https:\/\/taxi-pio-zadar.eu\/de\/wp-json\/wp\/v2\/types\/page"}],"author":[{"embeddable":true,"href":"https:\/\/taxi-pio-zadar.eu\/de\/wp-json\/wp\/v2\/users\/1"}],"replies":[{"embeddable":true,"href":"https:\/\/taxi-pio-zadar.eu\/de\/wp-json\/wp\/v2\/comments?post=11600"}],"version-history":[{"count":0,"href":"https:\/\/taxi-pio-zadar.eu\/de\/wp-json\/wp\/v2\/pages\/11600\/revisions"}],"wp:attachment":[{"href":"https:\/\/taxi-pio-zadar.eu\/de\/wp-json\/wp\/v2\/media?parent=11600"}],"curies":[{"name":"wp","href":"https:\/\/api.w.org\/{rel}","templated":true}]}}