{"id":11563,"date":"2022-12-02T14:40:19","date_gmt":"2022-12-02T13:40:19","guid":{"rendered":"https:\/\/taxi-pio-zadar.eu\/gdpr\/"},"modified":"2023-04-12T09:39:22","modified_gmt":"2023-04-12T07:39:22","slug":"gdpr","status":"publish","type":"page","link":"https:\/\/taxi-pio-zadar.eu\/de\/gdpr\/","title":{"rendered":"GDPR"},"content":{"rendered":"<p>[et_pb_section fb_built=&#8220;1&#8243; theme_builder_area=&#8220;post_content&#8220; _builder_version=&#8220;4.19.2&#8243; _module_preset=&#8220;default&#8220;][et_pb_row _builder_version=&#8220;4.19.2&#8243; _module_preset=&#8220;default&#8220; theme_builder_area=&#8220;post_content&#8220;][et_pb_column _builder_version=&#8220;4.19.2&#8243; _module_preset=&#8220;default&#8220; type=&#8220;4_4&#8243; theme_builder_area=&#8220;post_content&#8220;][et_pb_text _builder_version=&#8220;4.19.2&#8243; _module_preset=&#8220;default&#8220; theme_builder_area=&#8220;post_content&#8220; hover_enabled=&#8220;0&#8243; sticky_enabled=&#8220;0&#8243; custom_margin=&#8220;||50px||false|false&#8220; custom_margin_phone=&#8220;-10px||||false|false&#8220; custom_margin_last_edited=&#8220;on|phone&#8220; custom_padding_phone=&#8220;||||false|false&#8220; custom_padding_last_edited=&#8220;on|phone&#8220; header_font=&#8220;|700|||||||&#8220; custom_margin_tablet=&#8220;||50px||false|false&#8220;]<\/p>\n<div>\n<h1 style=\"text-align: left;\">GDPR \u2013 General data protection regulation<\/h1>\n<h1 style=\"text-align: left;\">Datenschutz-Grundverordnung<\/h1>\n<\/div>\n<p>[\/et_pb_text][et_pb_text _builder_version=&#8220;4.19.2&#8243; _module_preset=&#8220;default&#8220; theme_builder_area=&#8220;post_content&#8220; hover_enabled=&#8220;0&#8243; sticky_enabled=&#8220;0&#8243; custom_margin=&#8220;||||false|false&#8220; custom_margin_phone=&#8220;-10px||||false|false&#8220; custom_margin_last_edited=&#8220;on|phone&#8220; custom_padding_phone=&#8220;||||false|false&#8220; custom_padding_last_edited=&#8220;on|phone&#8220; custom_margin_tablet=&#8220;||||false|false&#8220;]<\/p>\n<div>\n<h4 style=\"text-align: left;\"><strong>Die Website-Adresse lautet:<\/strong><\/h4>\n<h4 style=\"text-align: left;\"><\/h4>\n<h4 style=\"text-align: left;\"><a href=\"https:\/\/taxi-pio-zadar.eu\/\" target=\"_blank\" rel=\"noopener\" title=\"taxi-pio-zadar.eu\">taxi-pio-zadar.eu<\/a><\/h4>\n<p>&nbsp;<\/p>\n<h3><strong>Kontaktformulare<strong><\/strong><\/strong><\/h3>\n<p>Wenn Sie der Hinterlegung Ihrer Daten in den Kontaktformularen zugestimmt haben, verwenden wir diese Daten zum Zweck der Zusendung bestimmter Informationen. Kontaktformulare k\u00f6nnen f\u00fcr verschiedene Zwecke bestimmt sein, f\u00fcr die Personen ihre Zustimmung gegeben haben.<\/p>\n<p>&nbsp;<\/p>\n<h3><strong>Kekse &#8211; Kekse<\/strong><\/h3>\n<p>Diese Cookies halten ein Jahr lang. Wenn Sie unsere Website besuchen, setzen wir ein tempor\u00e4res Cookie, um festzustellen, ob Ihr Browser Cookies akzeptiert. Dieses Cookie enth\u00e4lt keine personenbezogenen Daten und wird verworfen, wenn Sie Ihren Browser schlie\u00dfen.<\/p>\n<p>Wir werden auch einige Cookies setzen, um Anmeldeinformationen und Bildschirmoptionen zu speichern. Login-Cookies halten zwei Tage und Anzeigeoptions-Cookies halten ein Jahr. Wenn Sie \u201eRemember me\u201c ausw\u00e4hlen, dauert die Registrierung zwei Wochen.<\/p>\n<p>&nbsp;<\/p>\n<h3><strong>Ihre Datenrechte<strong><\/strong><\/strong><\/h3>\n<p>Sie k\u00f6nnen verlangen, dass wir alle personenbezogenen Daten l\u00f6schen, die wir \u00fcber Sie haben. Dies umfasst keine Daten, die wir aus administrativen, rechtlichen oder Sicherheitsgr\u00fcnden aufbewahren m\u00fcssen.<\/p>\n<p>&nbsp;<\/p>\n<\/div>\n<p>[\/et_pb_text][\/et_pb_column][\/et_pb_row][\/et_pb_section]<\/p>\n","protected":false},"excerpt":{"rendered":"<p>GDPR \u2013 General data protection regulation Datenschutz-Grundverordnung Die Website-Adresse lautet: taxi-pio-zadar.eu &nbsp; Kontaktformulare Wenn Sie der Hinterlegung Ihrer Daten in den Kontaktformularen zugestimmt haben, verwenden wir diese Daten zum Zweck der Zusendung bestimmter Informationen. Kontaktformulare k\u00f6nnen f\u00fcr verschiedene Zwecke bestimmt sein, f\u00fcr die Personen ihre Zustimmung gegeben haben. &nbsp; Kekse &#8211; Kekse Diese Cookies halten [&hellip;]<\/p>\n","protected":false},"author":1,"featured_media":0,"parent":0,"menu_order":0,"comment_status":"closed","ping_status":"closed","template":"","meta":{"_seopress_robots_primary_cat":"","_seopress_titles_title":"%%sitetitle%% %%sep%% %%post_title%%","_seopress_titles_desc":"Taxi Pio Zadar - GDPR.","_seopress_robots_index":"","_et_pb_use_builder":"on","_et_pb_old_content":"","_et_gb_content_width":"","footnotes":""},"class_list":["post-11563","page","type-page","status-publish","hentry"],"_links":{"self":[{"href":"https:\/\/taxi-pio-zadar.eu\/de\/wp-json\/wp\/v2\/pages\/11563","targetHints":{"allow":["GET"]}}],"collection":[{"href":"https:\/\/taxi-pio-zadar.eu\/de\/wp-json\/wp\/v2\/pages"}],"about":[{"href":"https:\/\/taxi-pio-zadar.eu\/de\/wp-json\/wp\/v2\/types\/page"}],"author":[{"embeddable":true,"href":"https:\/\/taxi-pio-zadar.eu\/de\/wp-json\/wp\/v2\/users\/1"}],"replies":[{"embeddable":true,"href":"https:\/\/taxi-pio-zadar.eu\/de\/wp-json\/wp\/v2\/comments?post=11563"}],"version-history":[{"count":0,"href":"https:\/\/taxi-pio-zadar.eu\/de\/wp-json\/wp\/v2\/pages\/11563\/revisions"}],"wp:attachment":[{"href":"https:\/\/taxi-pio-zadar.eu\/de\/wp-json\/wp\/v2\/media?parent=11563"}],"curies":[{"name":"wp","href":"https:\/\/api.w.org\/{rel}","templated":true}]}}